{"id":59565,"date":"2022-06-29T16:45:42","date_gmt":"2022-06-29T16:45:42","guid":{"rendered":"https:\/\/neo.symbiosis.org.gr\/%cf%83%cf%87%ce%b5%cf%84%ce%b9%ce%ba%ce%ac-%ce%bc%ce%b5-%cf%84%ce%b7-%cf%83%cf%85%ce%bc%ce%b2%ce%af%cf%89%cf%83%ce%b7\/"},"modified":"2022-11-25T21:59:46","modified_gmt":"2022-11-25T21:59:46","slug":"%cf%83%cf%87%ce%b5%cf%84%ce%b9%ce%ba%ce%ac-%ce%bc%ce%b5-%cf%84%ce%b7-%cf%83%cf%85%ce%bc%ce%b2%ce%af%cf%89%cf%83%ce%b7","status":"publish","type":"page","link":"https:\/\/neo.symbiosis.org.gr\/el\/%cf%83%cf%87%ce%b5%cf%84%ce%b9%ce%ba%ce%ac-%ce%bc%ce%b5-%cf%84%ce%b7-%cf%83%cf%85%ce%bc%ce%b2%ce%af%cf%89%cf%83%ce%b7\/","title":{"rendered":"\u03a3\u03c7\u03b5\u03c4\u03b9\u03ba\u03ac \u03bc\u03b5 \u03c4\u03b7 \u03a3\u03c5\u03bc\u03b2\u03af\u03c9\u03c3\u03b7"},"content":{"rendered":"<div class=\"wpb-content-wrapper\"><p>[vc_row][vc_column]<div id=\"ultimate-heading-760969fd8f149eb9c\" class=\"uvc-heading ult-adjust-bottom-margin ultimate-heading-760969fd8f149eb9c uvc-2939  uvc-heading-default-font-sizes\" data-hspacer=\"no_spacer\"  data-halign=\"left\" style=\"text-align:left\"><div class=\"uvc-heading-spacer no_spacer\" style=\"top\"><\/div><div class=\"uvc-main-heading ult-responsive\"  data-ultimate-target='.uvc-heading.ultimate-heading-760969fd8f149eb9c h1'  data-responsive-json-new='{\"font-size\":\"\",\"line-height\":\"\"}' ><h1 style=\"--font-weight:theme;margin-top:64px;\">\u03a3\u03c5\u03bc\u03b2\u03af\u03c9\u03c3\u03b7<\/h1><\/div><\/div>[vc_column_text css=&#8221;.vc_custom_1667290382568{padding-top: 32px !important;}&#8221;]<strong>\u0397 \u03a3\u03c5\u03bc\u03b2\u03af\u03c9\u03c3\u03b7 \u03b9\u03b4\u03c1\u03cd\u03b8\u03b7\u03ba\u03b5 \u03c4\u03bf \u039c\u03ac\u03b9\u03bf \u03c4\u03bf\u03c5 2011<\/strong> \u03c3\u03c4\u03b7 \u03b2\u03ac\u03c3\u03b7 \u03c3\u03c5\u03bd\u03b5\u03c1\u03b3\u03b1\u03c3\u03b9\u03ce\u03bd \u03c3\u03c4\u03b1 \u0392\u03b1\u03bb\u03ba\u03ac\u03bd\u03b9\u03b1 \u03ba\u03b1\u03b9 \u03c4\u03b7\u03bd \u0395\u03c5\u03c1\u03ce\u03c0\u03b7 \u03c3\u03c4\u03bf\u03c5\u03c2 \u03c4\u03bf\u03bc\u03b5\u03af\u03c2 \u03c4\u03b7\u03c2 \u03b5\u03ba\u03c0\u03b1\u03af\u03b4\u03b5\u03c5\u03c3\u03b7\u03c2, \u03c4\u03c9\u03bd \u03b4\u03b9\u03ba\u03b1\u03b9\u03c9\u03bc\u03ac\u03c4\u03c9\u03bd \u03ba\u03b1\u03b9 \u03c4\u03b7\u03c2 \u03ba\u03b1\u03c4\u03b1\u03c0\u03bf\u03bb\u03ad\u03bc\u03b7\u03c3\u03b7\u03c2 \u03c4\u03c9\u03bd \u03b4\u03b9\u03b1\u03ba\u03c1\u03af\u03c3\u03b5\u03c9\u03bd. \u039c\u03b5 \u03c4\u03b7\u03bd \u03c0\u03b5\u03c0\u03bf\u03af\u03b8\u03b7\u03c3\u03b7 \u03cc\u03c4\u03b9 \u03b7 \u03c0\u03c1\u03bf\u03c3\u03c4\u03b1\u03c3\u03af\u03b1 \u03c4\u03c9\u03bd \u03b1\u03bd\u03b8\u03c1\u03c9\u03c0\u03af\u03bd\u03c9\u03bd \u03b4\u03b9\u03ba\u03b1\u03b9\u03c9\u03bc\u03ac\u03c4\u03c9\u03bd \u03b9\u03c3\u03bf\u03b4\u03c5\u03bd\u03b1\u03bc\u03b5\u03af \u03bc\u03b5 \u03c4\u03b7\u03bd \u03cd\u03c0\u03b1\u03c1\u03be\u03b7 \u03b5\u03bd\u03cc\u03c2 \u03b4\u03b7\u03bc\u03bf\u03ba\u03c1\u03b1\u03c4\u03b9\u03ba\u03bf\u03cd \u03ba\u03c1\u03ac\u03c4\u03bf\u03c5\u03c2 \u03b4\u03b9\u03ba\u03b1\u03af\u03bf\u03c5, \u03b7 \u03a3\u03c5\u03bc\u03b2\u03af\u03c9\u03c3\u03b7 \u03b5\u03c0\u03b9\u03ba\u03b5\u03bd\u03c4\u03c1\u03ce\u03bd\u03b5\u03c4\u03b1\u03b9 \u03c3\u03c4\u03b7\u03bd \u03c0\u03bb\u03b7\u03c6\u03bf\u03c1\u03af\u03b1 \u03ba\u03b1\u03b9 \u03c4\u03b7\u03bd \u03b5\u03ba\u03c0\u03b1\u03af\u03b4\u03b5\u03c5\u03c3\u03b7, \u03c4\u03b7\u03bd \u03b5\u03bb\u03b5\u03c5\u03b8\u03b5\u03c1\u03af\u03b1 \u03c4\u03b7\u03c2 \u03ad\u03ba\u03c6\u03c1\u03b1\u03c3\u03b7\u03c2, \u03c4\u03b7 \u03c4\u03b5\u03ba\u03bc\u03b7\u03c1\u03af\u03c9\u03c3\u03b7 \u03ba\u03b1\u03b9 \u03c4\u03b7\u03bd \u03b1\u03bd\u03ac\u03bb\u03c5\u03c3\u03b7, \u03c4\u03bf \u03b4\u03b7\u03bc\u03cc\u03c3\u03b9\u03bf \u03b4\u03b9\u03ac\u03bb\u03bf\u03b3\u03bf \u03ba\u03b1\u03b9 \u03c4\u03b7\u03bd \u03c0\u03bf\u03bb\u03b9\u03c4\u03b9\u03ba\u03ae \u03c3\u03c5\u03bc\u03bc\u03b5\u03c4\u03bf\u03c7\u03ae, \u03ad\u03c4\u03c3\u03b9 \u03ce\u03c3\u03c4\u03b5 \u03bf\u03b9 \u03c0\u03bf\u03bb\u03af\u03c4\u03b5\u03c2 \u03ba\u03b1\u03b9 \u03bf\u03b9 \u03ba\u03bf\u03b9\u03bd\u03cc\u03c4\u03b7\u03c4\u03b5\u03c2 \u03bd\u03b1 \u03b5\u03ba\u03c6\u03c1\u03ac\u03b6\u03bf\u03c5\u03bd \u03c4\u03b9\u03c2 \u03b1\u03bd\u03ac\u03b3\u03ba\u03b5\u03c2 \u03ba\u03b1\u03b9 \u03c4\u03b9\u03c2 \u03b9\u03b4\u03ad\u03b5\u03c2 \u03c4\u03bf\u03c5\u03c2. \u0397 \u03a3\u03c5\u03bc\u03b2\u03af\u03c9\u03c3\u03b7 \u03c3\u03c5\u03bd\u03b7\u03b3\u03bf\u03c1\u03b5\u03af \u03c5\u03c0\u03ad\u03c1 \u03c4\u03b7\u03c2 \u03c0\u03bf\u03bb\u03b9\u03c4\u03b9\u03ba\u03ae\u03c2, \u03ba\u03bf\u03b9\u03bd\u03c9\u03bd\u03b9\u03ba\u03ae\u03c2 \u03ba\u03b1\u03b9 \u03bf\u03b9\u03ba\u03bf\u03bd\u03bf\u03bc\u03b9\u03ba\u03ae\u03c2 \u03c3\u03c5\u03bc\u03bc\u03b5\u03c4\u03bf\u03c7\u03ae\u03c2 \u03c4\u03c9\u03bd \u03bc\u03b5\u03c4\u03b1\u03bd\u03b1\u03c3\u03c4\u03ce\u03bd \u03ba\u03b1\u03b9 \u03c4\u03c9\u03bd \u03c0\u03b5\u03c1\u03b9\u03b8\u03bf\u03c1\u03b9\u03bf\u03c0\u03bf\u03b9\u03b7\u03bc\u03ad\u03bd\u03c9\u03bd \u03ba\u03bf\u03b9\u03bd\u03bf\u03c4\u03ae\u03c4\u03c9\u03bd. \u039f\u03b9 \u03b4\u03c1\u03ac\u03c3\u03b5\u03b9\u03c2 \u03c4\u03b7\u03c2 \u03a3\u03c5\u03bc\u03b2\u03af\u03c9\u03c3\u03b7\u03c2 \u03c3\u03c5\u03bd\u03b4\u03ad\u03bf\u03bd\u03c4\u03b1\u03b9 \u03bc\u03b5 \u03c4\u03bf\u03bd \u03a7\u03ac\u03c1\u03c4\u03b7 \u03c4\u03c9\u03bd \u0398\u03b5\u03bc\u03b5\u03bb\u03b9\u03c9\u03b4\u03ce\u03bd \u0394\u03b9\u03ba\u03b1\u03b9\u03c9\u03bc\u03ac\u03c4\u03c9\u03bd \u03c4\u03b7\u03c2 \u0395\u03c5\u03c1\u03c9\u03c0\u03b1\u03ca\u03ba\u03ae\u03c2 \u0388\u03bd\u03c9\u03c3\u03b7\u03c2 \u2013 \u0386\u03c1\u03b8\u03c1\u03bf 10 (\u0395\u03bb\u03b5\u03c5\u03b8\u03b5\u03c1\u03af\u03b1 \u03c3\u03ba\u03ad\u03c8\u03b7\u03c2, \u03c3\u03c5\u03bd\u03b5\u03af\u03b4\u03b7\u03c3\u03b7\u03c2 \u03ba\u03b1\u03b9 \u03b8\u03c1\u03b7\u03c3\u03ba\u03b5\u03af\u03b1\u03c2), \u0386\u03c1\u03b8\u03c1\u03bf 11 (Freedom of expression and information), \u0386\u03c1\u03b8\u03c1\u03bf 13 (\u0395\u03bb\u03b5\u03c5\u03b8\u03b5\u03c1\u03af\u03b1 \u03c4\u03b7\u03c2 \u03c4\u03ad\u03c7\u03bd\u03b7\u03c2 \u03ba\u03b1\u03b9 \u03c4\u03b7\u03c2 \u03b5\u03c0\u03b9\u03c3\u03c4\u03ae\u03bc\u03b7\u03c2), \u0386\u03c1\u03b8\u03c1\u03bf 14 (\u0394\u03b9\u03ba\u03b1\u03af\u03c9\u03bc\u03b1 \u03c3\u03c4\u03b7\u03bd \u03b5\u03ba\u03c0\u03b1\u03af\u03b4\u03b5\u03c5\u03c3\u03b7), \u03ba\u03b1\u03b8\u03ce\u03c2 \u03ba\u03b1\u03b9 \u03bc\u03b5 \u03c4\u03bf \u0386\u03c1\u03b8\u03c1\u03bf 21 (\u0391\u03c0\u03b1\u03b3\u03cc\u03c1\u03b5\u03c5\u03c3\u03b7 \u03b4\u03b9\u03b1\u03ba\u03c1\u03af\u03c3\u03b5\u03c9\u03bd).<\/p>\n<p>\u03a4\u03bf 2014 \u03b7 \u03a3\u03c5\u03bc\u03b2\u03af\u03c9\u03c3\u03b7 \u03c3\u03b5 \u03c3\u03c5\u03bd\u03b5\u03c1\u03b3\u03b1\u03c3\u03af\u03b1 \u03bc\u03b5 \u03c4\u03bf \u03a3\u03c5\u03bc\u03b2\u03bf\u03cd\u03bb\u03b9\u03bf \u03c4\u03b7\u03c2 \u0395\u03c5\u03c1\u03ce\u03c0\u03b7\u03c2, \u03af\u03b4\u03c1\u03c5\u03c3\u03b1\u03bd \u03c4\u03b7 \u03a3\u03c7\u03bf\u03bb\u03ae \u03a0\u03bf\u03bb\u03b9\u03c4\u03b9\u03ba\u03ce\u03bd \u03a3\u03c0\u03bf\u03c5\u03b4\u03ce\u03bd \u03c3\u03c4\u03b7\u03bd \u0395\u03bb\u03bb\u03ac\u03b4\u03b1, \u03b7 \u03bf\u03c0\u03bf\u03af\u03b1 \u03b5\u03af\u03bd\u03b1\u03b9 \u03bc\u03ad\u03bb\u03bf\u03c2 \u03c4\u03bf\u03c5 \u0394\u03b9\u03ba\u03c4\u03cd\u03bf\u03c5 \u03a3\u03c7\u03bf\u03bb\u03ce\u03bd \u03a0\u03bf\u03bb\u03b9\u03c4\u03b9\u03ba\u03ce\u03bd \u03a3\u03c0\u03bf\u03c5\u03b4\u03ce\u03bd \u03c4\u03bf\u03c5 \u03a3\u03c5\u03bc\u03b2\u03bf\u03c5\u03bb\u03af\u03bf\u03c5. \u0397 \u03c0\u03c1\u03c9\u03c4\u03bf\u03b2\u03bf\u03c5\u03bb\u03af\u03b1 \u03b1\u03c5\u03c4\u03ae \u03c4\u03bf\u03c5 \u03a3\u03c5\u03bc\u03b2\u03bf\u03c5\u03bb\u03af\u03bf\u03c5 \u03c4\u03b7\u03c2 \u0395\u03c5\u03c1\u03ce\u03c0\u03b7\u03c2 \u03b1\u03c0\u03cc \u03c4\u03b9\u03c2 \u03b1\u03c1\u03c7\u03ad\u03c2 \u03c4\u03b7\u03c2 \u03b4\u03b5\u03ba\u03b1\u03b5\u03c4\u03af\u03b1\u03c2 \u03c4\u03bf\u03c5 1990 \u03ad\u03c7\u03b5\u03b9 \u03c3\u03ba\u03bf\u03c0\u03cc \u03c4\u03b7\u03bd \u03b1\u03bd\u03ac\u03c0\u03c4\u03c5\u03be\u03b7 \u03ba\u03b1\u03b9 \u03c4\u03b7\u03bd \u03b5\u03bd\u03b4\u03c5\u03bd\u03ac\u03bc\u03c9\u03c3\u03b7 \u03c4\u03c9\u03bd \u03b4\u03b7\u03bc\u03bf\u03ba\u03c1\u03b1\u03c4\u03b9\u03ba\u03ce\u03bd \u03b4\u03b9\u03b1\u03b4\u03b9\u03ba\u03b1\u03c3\u03b9\u03ce\u03bd, \u03c4\u03b7\u03bd \u03b5\u03bd\u03af\u03c3\u03c7\u03c5\u03c3\u03b7 \u03c4\u03b7\u03c2 \u03ba\u03bf\u03b9\u03bd\u03c9\u03bd\u03af\u03b1\u03c2 \u03c4\u03c9\u03bd \u03c0\u03bf\u03bb\u03b9\u03c4\u03ce\u03bd \u03ba\u03b1\u03b9 \u03c4\u03b7\u03bd \u03c0\u03c1\u03bf\u03ce\u03b8\u03b7\u03c3\u03b7 \u03b4\u03b7\u03bc\u03bf\u03ba\u03c1\u03b1\u03c4\u03b9\u03ba\u03ce\u03bd \u03c0\u03c1\u03c9\u03c4\u03bf\u03b2\u03bf\u03c5\u03bb\u03b9\u03ce\u03bd. \u03a3\u03ae\u03bc\u03b5\u03c1\u03b1, \u03bf\u03b9 21 \u03c3\u03c7\u03bf\u03bb\u03ad\u03c2 \u03c0\u03bf\u03c5 \u03c4\u03bf \u03b1\u03c0\u03b1\u03c1\u03c4\u03af\u03b6\u03bf\u03c5\u03bd \u03b5\u03c3\u03c4\u03b9\u03ac\u03b6\u03bf\u03c5\u03bd \u03c3\u03c4\u03b9\u03c2 \u03c0\u03c1\u03bf\u03ba\u03bb\u03ae\u03c3\u03b5\u03b9\u03c2 \u03c0\u03bf\u03c5 \u03c0\u03c1\u03bf\u03ba\u03cd\u03c0\u03c4\u03bf\u03c5\u03bd \u03b3\u03b9\u03b1 \u03c4\u03b7 \u03b4\u03b7\u03bc\u03bf\u03ba\u03c1\u03b1\u03c4\u03af\u03b1 \u03ba\u03b1\u03b9 \u03c4\u03bf\u03c5\u03c2 \u03b8\u03b5\u03c3\u03bc\u03bf\u03cd\u03c2 \u03c4\u03b7\u03c2. \u03a4\u03bf \u03b5\u03ba\u03c0\u03b1\u03b9\u03b4\u03b5\u03c5\u03c4\u03b9\u03ba\u03cc \u03c0\u03c1\u03cc\u03b3\u03c1\u03b1\u03bc\u03bc\u03b1 \u03c4\u03b7\u03c2 \u03a3\u03c7\u03bf\u03bb\u03ae\u03c2 \u03c3\u03c4\u03b7\u03bd \u0395\u03bb\u03bb\u03ac\u03b4\u03b1 \u03b1\u03c0\u03bf\u03c4\u03b5\u03bb\u03b5\u03af\u03c4\u03b1\u03b9 \u03b1\u03c0\u03cc \u03b5\u03c4\u03ae\u03c3\u03b9\u03bf \u03ba\u03cd\u03ba\u03bb\u03bf \u03c3\u03b5\u03bc\u03b9\u03bd\u03b1\u03c1\u03af\u03c9\u03bd, \u03c3\u03c5\u03bc\u03bc\u03b5\u03c4\u03bf\u03c7\u03ae \u03c3\u03c4\u03bf \u03a0\u03b1\u03b3\u03ba\u03cc\u03c3\u03bc\u03b9\u03bf \u03a6\u03cc\u03c1\u03bf\u03c5\u03bc \u03b3\u03b9\u03b1 \u03c4\u03b7 \u0394\u03b7\u03bc\u03bf\u03ba\u03c1\u03b1\u03c4\u03af\u03b1 \u03c4\u03bf\u03c5 \u03a3\u03c5\u03bc\u03b2\u03bf\u03c5\u03bb\u03af\u03bf\u03c5 \u03c4\u03b7\u03c2 \u0395\u03c5\u03c1\u03ce\u03c0\u03b7\u03c2 \u03c3\u03c4\u03bf \u03a3\u03c4\u03c1\u03b1\u03c3\u03b2\u03bf\u03cd\u03c1\u03b3\u03bf, \u03ba\u03b1\u03b8\u03ce\u03c2 \u03ba\u03b1\u03b9 \u03b5\u03ba\u03c0\u03b1\u03b9\u03b4\u03b5\u03cd\u03c3\u03b5\u03b9\u03c2 \u03b1\u03bd\u03ac\u03c0\u03c4\u03c5\u03be\u03b7\u03c2 \u03b9\u03ba\u03b1\u03bd\u03bf\u03c4\u03ae\u03c4\u03c9\u03bd \u03ba\u03b1\u03b9 \u03c3\u03c4\u03bf\u03c7\u03b5\u03cd\u03b5\u03b9 \u03c3\u03c4\u03b7\u03bd \u03b5\u03ba\u03c0\u03b1\u03af\u03b4\u03b5\u03c5\u03c3\u03b7, \u03c4\u03b7 \u03c3\u03c5\u03bd\u03b5\u03c1\u03b3\u03b1\u03c3\u03af\u03b1 \u03ba\u03b1\u03b9 \u03c4\u03bf \u03b4\u03b9\u03ac\u03bb\u03bf\u03b3\u03bf \u03bc\u03b5\u03c4\u03b1\u03be\u03cd \u03c4\u03b7\u03c2 \u03ba\u03bf\u03b9\u03bd\u03c9\u03bd\u03af\u03b1\u03c2 \u03c4\u03c9\u03bd \u03c0\u03bf\u03bb\u03b9\u03c4\u03ce\u03bd, \u03c5\u03c0\u03b5\u03c5\u03b8\u03cd\u03bd\u03c9\u03bd \u03c7\u03ac\u03c1\u03b1\u03be\u03b7\u03c2 \u03c0\u03bf\u03bb\u03b9\u03c4\u03b9\u03ba\u03ae\u03c2, \u03b5\u03b9\u03b4\u03b9\u03ba\u03ce\u03bd \u03ba\u03b1\u03b9 \u03c4\u03c9\u03bd \u03bc\u03ad\u03c3\u03c9\u03bd \u03b5\u03bd\u03b7\u03bc\u03ad\u03c1\u03c9\u03c3\u03b7\u03c2. \u0395\u03c3\u03c4\u03b9\u03ac\u03b6\u03b5\u03b9 \u03c3\u03c4\u03b1 \u03b1\u03bd\u03b8\u03c1\u03ce\u03c0\u03b9\u03bd\u03b1 \u03b4\u03b9\u03ba\u03b1\u03b9\u03ce\u03bc\u03b1\u03c4\u03b1, \u03c4\u03b7\u03bd \u03ba\u03b1\u03c4\u03b1\u03c0\u03bf\u03bb\u03ad\u03bc\u03b7\u03c3\u03b7 \u03c4\u03c9\u03bd \u03b4\u03b9\u03b1\u03ba\u03c1\u03af\u03c3\u03b5\u03c9\u03bd, \u03c4\u03b7\u03bd \u03ba\u03bf\u03b9\u03bd\u03c9\u03bd\u03b9\u03ba\u03ae \u03c3\u03c5\u03bc\u03c0\u03b5\u03c1\u03af\u03bb\u03b7\u03c8\u03b7, \u03c4\u03b7 \u03b4\u03b7\u03bc\u03bf\u03ba\u03c1\u03b1\u03c4\u03b9\u03ba\u03ae \u03b9\u03b8\u03b1\u03b3\u03ad\u03bd\u03b5\u03b9\u03b1, \u03c4\u03b7\u03bd \u03b5\u03bb\u03b5\u03c5\u03b8\u03b5\u03c1\u03af\u03b1 \u03c4\u03b7\u03c2 \u03ad\u03ba\u03c6\u03c1\u03b1\u03c3\u03b7\u03c2, \u03c4\u03b7 \u03b4\u03b7\u03bc\u03bf\u03ba\u03c1\u03b1\u03c4\u03b9\u03ba\u03ae \u03b4\u03b9\u03b1\u03ba\u03c5\u03b2\u03ad\u03c1\u03bd\u03b7\u03c3\u03b7, \u03c4\u03b7\u03bd \u03b9\u03c3\u03cc\u03c4\u03b7\u03c4\u03b1 \u03ba\u03b1\u03b9 \u03c4\u03b7\u03bd \u03ad\u03bc\u03c6\u03c5\u03bb\u03b7 \u03b2\u03af\u03b1, \u03c4\u03b7 \u03bc\u03b5\u03c4\u03b1\u03bd\u03ac\u03c3\u03c4\u03b5\u03c5\u03c3\u03b7 \u03ba\u03b1\u03b9 \u03c4\u03b7\u03bd \u03c0\u03c1\u03bf\u03c3\u03c4\u03b1\u03c3\u03af\u03b1 \u03c4\u03bf\u03c5 \u03c0\u03b5\u03c1\u03b9\u03b2\u03ac\u03bb\u03bb\u03bf\u03bd\u03c4\u03bf\u03c2.[\/vc_column_text][\/vc_column][\/vc_row][vc_row disable_element=&#8221;yes&#8221; css=&#8221;.vc_custom_1656520794274{padding-top: 32px !important;}&#8221;][vc_column width=&#8221;1\/6&#8243;][\/vc_column][vc_column width=&#8221;2\/3&#8243;]<div class=\"hr-thin style-line accent-border-color\" style=\"width: 100%;border-top-width: 3px;\"><\/div>[vc_column_text css=&#8221;.vc_custom_1656519464110{padding-top: 32px !important;padding-bottom: 32px !important;}&#8221;]<\/p>\n<h4><strong>\u03a3\u03ba\u03bf\u03c0\u03cc\u03c2<\/strong><\/h4>\n<p><strong>\u03a0\u03b9\u03c3\u03c4\u03b5\u03cd\u03bf\u03c5\u03bc\u03b5 \u03cc\u03c4\u03b9 \u03b7 \u03c0\u03c1\u03bf\u03c3\u03c4\u03b1\u03c3\u03af\u03b1 \u03c4\u03c9\u03bd \u03b1\u03bd\u03b8\u03c1\u03c9\u03c0\u03af\u03bd\u03c9\u03bd \u03b4\u03b9\u03ba\u03b1\u03b9\u03c9\u03bc\u03ac\u03c4\u03c9\u03bd \u03b9\u03c3\u03bf\u03b4\u03c5\u03bd\u03b1\u03bc\u03b5\u03af \u03bc\u03b5 \u03ad\u03bd\u03b1 \u03b4\u03b7\u03bc\u03bf\u03ba\u03c1\u03b1\u03c4\u03b9\u03ba\u03cc \u03ba\u03c1\u03ac\u03c4\u03bf\u03c2 \u03b4\u03b9\u03ba\u03b1\u03af\u03bf\u03c5.<\/strong><\/p>\n<p><strong>\u03a5\u03c0\u03bf\u03c3\u03c4\u03b7\u03c1\u03af\u03b6\u03bf\u03c5\u03bc\u03b5 \u03c4\u03b7 \u03b4\u03b7\u03bc\u03bf\u03ba\u03c1\u03b1\u03c4\u03b9\u03ba\u03ae \u03c3\u03c5\u03bc\u03bc\u03b5\u03c4\u03bf\u03c7\u03ae \u03c3\u03c4\u03b9\u03c2 \u03c0\u03bf\u03bb\u03b9\u03c4\u03b9\u03ba\u03ad\u03c2 \u03b4\u03b9\u03b1\u03b4\u03b9\u03ba\u03b1\u03c3\u03af\u03b5\u03c2 \u03c7\u03c9\u03c1\u03af\u03c2 \u03b4\u03b9\u03b1\u03ba\u03c1\u03af\u03c3\u03b5\u03b9\u03c2 \u03ba\u03b1\u03b9 \u03b1\u03c0\u03bf\u03ba\u03bb\u03b5\u03b9\u03c3\u03bc\u03bf\u03cd\u03c2.<\/strong><\/p>\n<p><strong>\u0395\u03c1\u03b3\u03b1\u03b6\u03cc\u03bc\u03b1\u03c3\u03c4\u03b5 \u03b3\u03b9\u03b1 \u03c4\u03b7\u03bd \u03b5\u03c5\u03b1\u03b9\u03c3\u03b8\u03b7\u03c4\u03bf\u03c0\u03bf\u03af\u03b7\u03c3\u03b7 \u03c4\u03c9\u03bd \u03c0\u03bf\u03bb\u03b9\u03c4\u03ce\u03bd \u03c3\u03c7\u03b5\u03c4\u03b9\u03ba\u03ac \u03bc\u03b5 \u03c4\u03b9\u03c2 \u03b8\u03b5\u03c3\u03bc\u03b9\u03ba\u03ad\u03c2 \u03c0\u03c1\u03b1\u03ba\u03c4\u03b9\u03ba\u03ad\u03c2 \u03c0\u03bf\u03c5 \u03b1\u03c6\u03bf\u03c1\u03bf\u03cd\u03bd \u03c3\u03c4\u03b1 \u03b4\u03b9\u03ba\u03b1\u03b9\u03ce\u03bc\u03b1\u03c4\u03b1 \u03ba\u03b1\u03b9 \u03c4\u03b9\u03c2 \u03b9\u03ba\u03b1\u03bd\u03cc\u03c4\u03b7\u03c4\u03b5\u03c2 \u03b3\u03b9\u03b1 \u03b4\u03b7\u03bc\u03bf\u03ba\u03c1\u03b1\u03c4\u03b9\u03ba\u03cc \u03c0\u03bf\u03bb\u03b9\u03c4\u03b9\u03c3\u03bc\u03cc.<\/strong>[\/vc_column_text]<div class=\"hr-thin style-line accent-border-color\" style=\"width: 100%;border-top-width: 3px;\"><\/div>[\/vc_column][vc_column width=&#8221;1\/6&#8243;][\/vc_column][\/vc_row][vc_row css=&#8221;.vc_custom_1656521207532{padding-top: 32px !important;}&#8221;][vc_column][vc_single_image image=&#8221;58740&#8243; img_size=&#8221;full&#8221; alignment=&#8221;center&#8221; onclick=&#8221;custom_link&#8221; link=&#8221;https:\/\/www.europarl.europa.eu\/at-your-service\/en\/be-heard\/prizes&#8221;][vc_column_text css=&#8221;.vc_custom_1656520906127{padding-top: 32px !important;}&#8221;]<a href=\"http:\/\/www.europarl.europa.eu\/at-your-service\/en\/be-heard\/prizes\" target=\"_blank\" rel=\"noopener\"><strong>\u039c\u03b5 \u03c4\u03bf \u0392\u03c1\u03b1\u03b2\u03b5\u03af\u03bf \u03c4\u03bf\u03c5 \u0395\u03c5\u03c1\u03c9\u03c0\u03b1\u03af\u03bf\u03c5 \u03a0\u03bf\u03bb\u03af\u03c4\u03b7<\/strong><\/a> <strong>\u03b3\u03b9\u03b1 \u03c4\u03bf 2020<\/strong> <strong>\u03c4\u03b9\u03bc\u03ae\u03b8\u03b7\u03ba\u03b5 \u03b1\u03c0\u03cc \u03c4\u03bf \u0395\u03c5\u03c1\u03c9\u03c0\u03b1\u03ca\u03ba\u03cc \u039a\u03bf\u03b9\u03bd\u03bf\u03b2\u03bf\u03cd\u03bb\u03b9\u03bf \u03b7 \u03a3\u03c5\u03bc\u03b2\u03af\u03c9\u03c3\u03b7<\/strong> <strong>\u03b3\u03b9\u03b1 \u03c4\u03b9\u03c2 \u03b4\u03c1\u03ac\u03c3\u03b5\u03b9\u03c2 \u03c4\u03b7\u03c2 \u03a3\u03c7\u03bf\u03bb\u03ae\u03c2 \u03a0\u03bf\u03bb\u03b9\u03c4\u03b9\u03ba\u03ce\u03bd \u03a3\u03c0\u03bf\u03c5\u03b4\u03ce\u03bd \u03c3\u03c4\u03b7\u03bd \u0395\u03bb\u03bb\u03ac\u03b4\u03b1<\/strong> \u03c0\u03bf\u03c5 \u03ad\u03c7\u03b5\u03b9 \u03b9\u03b4\u03c1\u03cd\u03c3\u03b5\u03b9 \u03c3\u03b5 \u03c3\u03c5\u03bd\u03b5\u03c1\u03b3\u03b1\u03c3\u03af\u03b1 \u03bc\u03b5 \u03c4\u03bf \u03a3\u03c5\u03bc\u03b2\u03bf\u03cd\u03bb\u03b9\u03bf \u03c4\u03b7\u03c2 \u0395\u03c5\u03c1\u03ce\u03c0\u03b7\u03c2. \u03a3\u03ba\u03bf\u03c0\u03cc\u03c2 \u03c4\u03bf\u03c5 \u03c0\u03c1\u03bf\u03b3\u03c1\u03ac\u03bc\u03bc\u03b1\u03c4\u03bf\u03c2 \u03b5\u03af\u03bd\u03b1\u03b9 \u03b7 \u03b1\u03bd\u03ac\u03c0\u03c4\u03c5\u03be\u03b7 \u03ba\u03b1\u03b9 \u03b7 \u03b5\u03bd\u03b4\u03c5\u03bd\u03ac\u03bc\u03c9\u03c3\u03b7 \u03c4\u03c9\u03bd \u03b4\u03b7\u03bc\u03bf\u03ba\u03c1\u03b1\u03c4\u03b9\u03ba\u03ce\u03bd \u03b4\u03b9\u03b1\u03b4\u03b9\u03ba\u03b1\u03c3\u03b9\u03ce\u03bd, \u03b7 \u03b5\u03bd\u03af\u03c3\u03c7\u03c5\u03c3\u03b7 \u03c4\u03b7\u03c2 \u03ba\u03bf\u03b9\u03bd\u03c9\u03bd\u03af\u03b1\u03c2 \u03c4\u03c9\u03bd \u03c0\u03bf\u03bb\u03b9\u03c4\u03ce\u03bd \u03ba\u03b1\u03b9 \u03b7 \u03c0\u03c1\u03bf\u03ce\u03b8\u03b7\u03c3\u03b7 \u03b4\u03b7\u03bc\u03bf\u03ba\u03c1\u03b1\u03c4\u03b9\u03ba\u03ce\u03bd \u03c0\u03c1\u03c9\u03c4\u03bf\u03b2\u03bf\u03c5\u03bb\u03b9\u03ce\u03bd.[\/vc_column_text][\/vc_column][\/vc_row][vc_row equal_height=&#8221;yes&#8221; css=&#8221;.vc_custom_1656525383100{padding-top: 32px !important;}&#8221;][vc_column width=&#8221;1\/2&#8243;][vc_single_image image=&#8221;58741&#8243; img_size=&#8221;768&#215;510&#8243;][vc_cta h2=&#8221;\u03a3\u03c5\u03b3\u03c7\u03b1\u03c1\u03b7\u03c4\u03ae\u03c1\u03b9\u03b1 \u0395\u03c0\u03b9\u03c3\u03c4\u03bf\u03bb\u03ae&#8221; h2_font_container=&#8221;tag:h4|text_align:left&#8221; h2_use_theme_fonts=&#8221;yes&#8221; color=&#8221;orange&#8221; add_button=&#8221;bottom&#8221; btn_title=&#8221;\u0394\u03b5\u03af\u03c4\u03b5 \u03c4\u03bf \u03c3\u03c7\u03b5\u03c4\u03b9\u03ba\u03cc link&#8221; btn_color=&#8221;warning&#8221; btn_size=&#8221;sm&#8221; use_custom_fonts_h2=&#8221;true&#8221; btn_link=&#8221;url:https%3A%2F%2Fsymbiosis464-my.sharepoint.com%2Fpersonal%2Foffice_symbiosis_website%2F_layouts%2F15%2Fonedrive.aspx%3Fid%3D%252Fpersonal%252Foffice%255Fsymbiosis%255Fwebsite%252FDocuments%252FSYMBIOSIS%252Fwebsite%252FSYMBIOSIS%252EORG%252EGR%252F2021%255F02%255F17%255FCongratulations%2520Letter%2520by%2520Sne%25C5%25BEana%2520Samard%25C5%25BEi%25C4%2587%252DMarkovi%25C4%2587%252Epdf%26amp%3Bparent%3D%252Fpersonal%252Foffice%255Fsymbiosis%255Fwebsite%252FDocuments%252FSYMBIOSIS%252Fwebsite%252FSYMBIOSIS%252EORG%252EGR%26amp%3Bga%3D1|target:_blank|&#8221; h2_link=&#8221;url:https%3A%2F%2Fsymbiosis464-my.sharepoint.com%2Fpersonal%2Foffice_symbiosis_website%2F_layouts%2F15%2Fonedrive.aspx%3Fid%3D%252Fpersonal%252Foffice%255Fsymbiosis%255Fwebsite%252FDocuments%252FSYMBIOSIS%252Fwebsite%252FSYMBIOSIS%252EORG%252EGR%252F2021%255F02%255F17%255FCongratulations%2520Letter%2520by%2520Sne%25C5%25BEana%2520Samard%25C5%25BEi%25C4%2587%252DMarkovi%25C4%2587%252Epdf%26parent%3D%252Fpersonal%252Foffice%255Fsymbiosis%255Fwebsite%252FDocuments%252FSYMBIOSIS%252Fwebsite%252FSYMBIOSIS%252EORG%252EGR%26ga%3D1&#8243;]<strong>\u03a3\u03c5\u03b3\u03c7\u03b1\u03c1\u03b7\u03c4\u03ae\u03c1\u03b9\u03b1 \u0395\u03c0\u03b9\u03c3\u03c4\u03bf\u03bb\u03ae \u03c4\u03b7\u03c2 Sne\u017eana Samard\u017ei\u0107-Markovi\u0107, \u0393\u03b5\u03bd\u03b9\u03ba\u03ae\u03c2 \u0394\u03b9\u03b5\u03c5\u03b8\u03cd\u03bd\u03c4\u03c1\u03b9\u03b1\u03c2 \u03b3\u03b9\u03b1 \u03c4\u03b7 \u0394\u03b7\u03bc\u03bf\u03ba\u03c1\u03b1\u03c4\u03af\u03b1 \u03c3\u03c4\u03bf \u03a3\u03c5\u03bc\u03b2\u03bf\u03cd\u03bb\u03b9\u03bf \u03c4\u03b7\u03c2 \u0395\u03c5\u03c1\u03ce\u03c0\u03b7\u03c2 <\/strong>[\/vc_cta][\/vc_column][vc_column width=&#8221;1\/2&#8243;][vc_single_image image=&#8221;58742&#8243; img_size=&#8221;768&#215;510&#8243;][vc_cta h2=&#8221;\u0391\u03bd\u03b1\u03ba\u03bf\u03af\u03bd\u03c9\u03c3\u03b7 \u03a4\u03cd\u03c0\u03bf\u03c5&#8221; h2_font_container=&#8221;tag:h4|text_align:left&#8221; h2_use_theme_fonts=&#8221;yes&#8221; color=&#8221;orange&#8221; add_button=&#8221;bottom&#8221; btn_title=&#8221;\u0394\u03b5\u03af\u03c4\u03b5 \u03c4\u03bf \u03c3\u03c7\u03b5\u03c4\u03b9\u03ba\u03cc link&#8221; btn_color=&#8221;warning&#8221; btn_size=&#8221;sm&#8221; use_custom_fonts_h2=&#8221;true&#8221; btn_link=&#8221;url:https%3A%2F%2Fwww.europarl.europa.eu%2Fgreece%2Fel%2Fnews-events%2Fnews%2F2021%2Fcitizen.html|target:_blank|&#8221; h2_link=&#8221;url:https%3A%2F%2Fwww.europarl.europa.eu%2Fgreece%2Fel%2Fnews-events%2Fnews%2F2021%2Fcitizen.html&#8221;]<strong>\u0391\u03bd\u03b1\u03ba\u03bf\u03af\u03bd\u03c9\u03c3\u03b7 \u03a4\u03cd\u03c0\u03bf\u03c5 \u03b1\u03c0\u03cc \u03c4\u03bf \u0393\u03c1\u03b1\u03c6\u03b5\u03af\u03bf \u03c4\u03bf\u03c5 \u0395\u03c5\u03c1\u03c9\u03c0\u03b1\u03ca\u03ba\u03bf\u03cd \u039a\u03bf\u03b9\u03bd\u03bf\u03b2\u03bf\u03c5\u03bb\u03af\u03bf\u03c5 \u03c3\u03c4\u03b7\u03bd \u0395\u03bb\u03bb\u03ac\u03b4\u03b1<\/strong>[\/vc_cta][\/vc_column][\/vc_row][vc_row][vc_column][vc_empty_space height=&#8221;64px&#8221;][\/vc_column][\/vc_row]<\/p>\n<\/div>","protected":false},"excerpt":{"rendered":"<p>[vc_row][vc_column][vc_column_text css=&#8221;.vc_custom_1667290382568{padding-top: 32px !important;}&#8221;]\u0397 \u03a3\u03c5\u03bc\u03b2\u03af\u03c9\u03c3\u03b7 \u03b9\u03b4\u03c1\u03cd\u03b8\u03b7\u03ba\u03b5 \u03c4\u03bf \u039c\u03ac\u03b9\u03bf \u03c4\u03bf\u03c5 2011 \u03c3\u03c4\u03b7 \u03b2\u03ac\u03c3\u03b7 \u03c3\u03c5\u03bd\u03b5\u03c1\u03b3\u03b1\u03c3\u03b9\u03ce\u03bd \u03c3\u03c4\u03b1 \u0392\u03b1\u03bb\u03ba\u03ac\u03bd\u03b9\u03b1 \u03ba\u03b1\u03b9 \u03c4\u03b7\u03bd \u0395\u03c5\u03c1\u03ce\u03c0\u03b7 \u03c3\u03c4\u03bf\u03c5\u03c2 \u03c4\u03bf\u03bc\u03b5\u03af\u03c2 \u03c4\u03b7\u03c2 \u03b5\u03ba\u03c0\u03b1\u03af\u03b4\u03b5\u03c5\u03c3\u03b7\u03c2, \u03c4\u03c9\u03bd \u03b4\u03b9\u03ba\u03b1\u03b9\u03c9\u03bc\u03ac\u03c4\u03c9\u03bd \u03ba\u03b1\u03b9 \u03c4\u03b7\u03c2 \u03ba\u03b1\u03c4\u03b1\u03c0\u03bf\u03bb\u03ad\u03bc\u03b7\u03c3\u03b7\u03c2 \u03c4\u03c9\u03bd \u03b4\u03b9\u03b1\u03ba\u03c1\u03af\u03c3\u03b5\u03c9\u03bd. \u039c\u03b5 \u03c4\u03b7\u03bd \u03c0\u03b5\u03c0\u03bf\u03af\u03b8\u03b7\u03c3\u03b7 \u03cc\u03c4\u03b9 \u03b7 \u03c0\u03c1\u03bf\u03c3\u03c4\u03b1\u03c3\u03af\u03b1 \u03c4\u03c9\u03bd \u03b1\u03bd\u03b8\u03c1\u03c9\u03c0\u03af\u03bd\u03c9\u03bd \u03b4\u03b9\u03ba\u03b1\u03b9\u03c9\u03bc\u03ac\u03c4\u03c9\u03bd \u03b9\u03c3\u03bf\u03b4\u03c5\u03bd\u03b1\u03bc\u03b5\u03af \u03bc\u03b5 \u03c4\u03b7\u03bd \u03cd\u03c0\u03b1\u03c1\u03be\u03b7 \u03b5\u03bd\u03cc\u03c2 \u03b4\u03b7\u03bc\u03bf\u03ba\u03c1\u03b1\u03c4\u03b9\u03ba\u03bf\u03cd \u03ba\u03c1\u03ac\u03c4\u03bf\u03c5\u03c2 \u03b4\u03b9\u03ba\u03b1\u03af\u03bf\u03c5, \u03b7 \u03a3\u03c5\u03bc\u03b2\u03af\u03c9\u03c3\u03b7 \u03b5\u03c0\u03b9\u03ba\u03b5\u03bd\u03c4\u03c1\u03ce\u03bd\u03b5\u03c4\u03b1\u03b9 \u03c3\u03c4\u03b7\u03bd \u03c0\u03bb\u03b7\u03c6\u03bf\u03c1\u03af\u03b1 \u03ba\u03b1\u03b9 \u03c4\u03b7\u03bd \u03b5\u03ba\u03c0\u03b1\u03af\u03b4\u03b5\u03c5\u03c3\u03b7, \u03c4\u03b7\u03bd&hellip;<\/p>\n","protected":false},"author":4,"featured_media":58759,"parent":0,"menu_order":10,"comment_status":"closed","ping_status":"closed","template":"","meta":{"nf_dc_page":"","footnotes":""},"class_list":["post-59565","page","type-page","status-publish","has-post-thumbnail","hentry","description-off"],"_links":{"self":[{"href":"https:\/\/neo.symbiosis.org.gr\/el\/wp-json\/wp\/v2\/pages\/59565","targetHints":{"allow":["GET"]}}],"collection":[{"href":"https:\/\/neo.symbiosis.org.gr\/el\/wp-json\/wp\/v2\/pages"}],"about":[{"href":"https:\/\/neo.symbiosis.org.gr\/el\/wp-json\/wp\/v2\/types\/page"}],"author":[{"embeddable":true,"href":"https:\/\/neo.symbiosis.org.gr\/el\/wp-json\/wp\/v2\/users\/4"}],"replies":[{"embeddable":true,"href":"https:\/\/neo.symbiosis.org.gr\/el\/wp-json\/wp\/v2\/comments?post=59565"}],"version-history":[{"count":5,"href":"https:\/\/neo.symbiosis.org.gr\/el\/wp-json\/wp\/v2\/pages\/59565\/revisions"}],"predecessor-version":[{"id":59589,"href":"https:\/\/neo.symbiosis.org.gr\/el\/wp-json\/wp\/v2\/pages\/59565\/revisions\/59589"}],"wp:featuredmedia":[{"embeddable":true,"href":"https:\/\/neo.symbiosis.org.gr\/el\/wp-json\/wp\/v2\/media\/58759"}],"wp:attachment":[{"href":"https:\/\/neo.symbiosis.org.gr\/el\/wp-json\/wp\/v2\/media?parent=59565"}],"curies":[{"name":"wp","href":"https:\/\/api.w.org\/{rel}","templated":true}]}}